{"id":7358,"date":"2025-03-04T21:46:40","date_gmt":"2025-03-04T18:46:40","guid":{"rendered":"https:\/\/fedefee.ro\/?page_id=7358"},"modified":"2025-03-04T21:50:44","modified_gmt":"2025-03-04T18:50:44","slug":"instrukcii-za-upotreba","status":"publish","type":"page","link":"https:\/\/fedefee.ro\/ro\/instrukcii-za-upotreba\/","title":{"rendered":"Instruc\u021biuni pentru utilizarea"},"content":{"rendered":"<div data-elementor-type=\"wp-page\" data-elementor-id=\"7358\" class=\"elementor elementor-7358\" data-elementor-post-type=\"page\">\n\t\t\t\t<div data-particle_enable=\"false\" data-particle-mobile-disabled=\"false\" class=\"elementor-element elementor-element-a98799a e-flex e-con-boxed e-con e-parent\" data-id=\"a98799a\" data-element_type=\"container\" data-e-type=\"container\">\n\t\t\t\t\t<div class=\"e-con-inner\">\n\t\t\t\t<div class=\"elementor-element elementor-element-dfcc86f elementor-widget elementor-widget-text-editor\" data-id=\"dfcc86f\" data-element_type=\"widget\" data-e-type=\"widget\" data-widget_type=\"text-editor.default\">\n\t\t\t\t<div class=\"elementor-widget-container\">\n\t\t\t\t\t\t\t\t\t<h3>Instruc\u021biuni de p\u0103strare \u0219i utilizare de bijuterii \u0219i accesorii FE DE FE jewelry<\/h3><p>Toate bijuteriile din argint sau placate cu argint (cu excep\u021bia modelelor cu<br \/>\u0440\u043e\u0434\u0438\u0435\u0432\u043e de acoperire) atunci c\u00e2nd gre\u0219it manipulat de-a lungul timpului pot<br \/>pentru a schimba culoarea.<\/p><p>Fiecare cump\u0103rat modelul mele de bijuterii lucrate manual vine, ambalate cu grij\u0103 \u00een<br \/>manual de produse de marc\u0103 cutie, ideal pentru depozitare.<\/p><p>\u00cen timpul fabric\u0103rii lor de a folosi un strat special, pentru a ma prinde de procese<br \/>la \"\u00eemb\u0103tr\u00e2nirea\", \u0219i pute\u021bi s\u0103 le l\u0103sa\u021bi copiilor lor, ca un cadou frumos de memorie,<br \/>neschimbat din ziua \u00een care le-a\u021bi pus prima dat\u0103. Pentru a face acest lucru posibil,<br \/>v\u0103 rug\u0103m s\u0103 urma\u021bi urm\u0103toarele sfaturi.<\/p><p>1. Nu \u043c\u043e\u043a\u0440\u0435\u0442\u0435 bijuterii \u2013 acest lucru va duce la spalare a stratului de protec\u021bie.<br \/>2. P\u0103stra\u021bi-le \u00een locuri cu o temperatur\u0103 constant\u0103 de 10-25 de grade. Acute<br \/>schimb\u0103rile de temperatur\u0103, \u00eenghe\u021b pentru o perioad\u0103 lung\u0103 de<br \/>timpul, ca \u0219i razele directe ale soarelui (depozitare f\u0103r\u0103 ambalaj) pentru<br \/>luni, ani d\u0103un\u0103toare pentru bijuterii \u0219i accesorii.<br \/>3. Cere stilistului, \u00een primul r\u00e2nd, pentru a repara parul cu produse de styling<br \/>\u2013 geluri, lacuri, spiritele (\u0219i alte), apoi pune un accesoriu. Iar dup\u0103<br \/>nunta \u0219i tu, de asemenea, posibilitatea s\u0103 urma\u021bi aceast\u0103 regul\u0103, atunci c\u00e2nd ulterioar\u0103 a transportului.<br \/>4. Nu utiliza\u021bi substan\u021be chimice, materiale abrazive sau alte medicamente care le pot<br \/>deteriora. Cur\u0103\u021ba\u021bi cu o c\u00e2rp\u0103 moale \u0219i uscat\u0103 dup\u0103 utilizare.<br \/>5. Frunzele sunt flexibile \u0219i pot s\u0103 ia direc\u021bia dorit\u0103 \u00eentr-o viziune, dar unele dintre<br \/>restul, care sunt mai delicate, mai brusc\u0103 de presiune pot fi<br \/>de deteriorare.<\/p><p><a href=\"https:\/\/fedefee.ro\/ro\/\"><strong>FE DE FE jewelry<\/strong><\/a><\/p>\t\t\t\t\t\t\t\t<\/div>\n\t\t\t\t<\/div>\n\t\t\t\t\t<\/div>\n\t\t\t\t<\/div>\n\t\t\t\t<\/div>","protected":false},"excerpt":{"rendered":"<p>\u0418\u043d\u0441\u0442\u0440\u0443\u043a\u0446\u0438\u0438 \u0437\u0430 \u0441\u044a\u0445\u0440\u0430\u043d\u0435\u043d\u0438\u0435 \u0438 \u043f\u043e\u043b\u0437\u0432\u0430\u043d\u0435 \u043d\u0430 \u0431\u0438\u0436\u0443\u0442\u0430 \u0438 \u0430\u043a\u0441\u0435\u0441\u043e\u0430\u0440\u0438 FE DE FE jewelry \u0412\u0441\u0438\u0447\u043a\u0438 \u0431\u0438\u0436\u0443\u0442\u0430, \u043e\u0442 \u0441\u0440\u0435\u0431\u0440\u043e \u0438\u043b\u0438&hellip;<\/p>","protected":false},"author":3,"featured_media":0,"parent":0,"menu_order":0,"comment_status":"closed","ping_status":"closed","template":"elementor_theme","meta":{"_eb_attr":"","footnotes":""},"class_list":["post-7358","page","type-page","status-publish","hentry"],"yoast_head":"<!-- This site is optimized with the Yoast SEO Premium plugin v26.6 (Yoast SEO v27.0) - https:\/\/yoast.com\/product\/yoast-seo-premium-wordpress\/ -->\n<title>\u0418\u043d\u0441\u0442\u0440\u0443\u043a\u0446\u0438\u0438 \u0437\u0430 \u0443\u043f\u043e\u0442\u0440\u0435\u0431\u0430 - Fedefee.ro<\/title>\n<meta name=\"robots\" content=\"noindex, follow, max-snippet:-1, max-image-preview:large, max-video-preview:-1\" \/>\n<meta property=\"og:locale\" content=\"ro_RO\" \/>\n<meta property=\"og:type\" content=\"article\" \/>\n<meta property=\"og:title\" content=\"\u0418\u043d\u0441\u0442\u0440\u0443\u043a\u0446\u0438\u0438 \u0437\u0430 \u0443\u043f\u043e\u0442\u0440\u0435\u0431\u0430\" \/>\n<meta property=\"og:description\" content=\"\u0418\u043d\u0441\u0442\u0440\u0443\u043a\u0446\u0438\u0438 \u0437\u0430 \u0441\u044a\u0445\u0440\u0430\u043d\u0435\u043d\u0438\u0435 \u0438 \u043f\u043e\u043b\u0437\u0432\u0430\u043d\u0435 \u043d\u0430 \u0431\u0438\u0436\u0443\u0442\u0430 \u0438 \u0430\u043a\u0441\u0435\u0441\u043e\u0430\u0440\u0438 FE DE FE jewelry \u0412\u0441\u0438\u0447\u043a\u0438 \u0431\u0438\u0436\u0443\u0442\u0430, \u043e\u0442 \u0441\u0440\u0435\u0431\u0440\u043e \u0438\u043b\u0438&hellip;\" \/>\n<meta property=\"og:url\" content=\"https:\/\/fedefee.ro\/ro\/instrukcii-za-upotreba\/\" \/>\n<meta property=\"og:site_name\" content=\"Fedefee.ro\" \/>\n<meta property=\"article:modified_time\" content=\"2025-03-04T18:50:44+00:00\" \/>\n<meta name=\"twitter:card\" content=\"summary_large_image\" \/>\n<script type=\"application\/ld+json\" class=\"yoast-schema-graph\">{\"@context\":\"https:\/\/schema.org\",\"@graph\":[{\"@type\":\"WebPage\",\"@id\":\"https:\/\/fedefee.ro\/instrukcii-za-upotreba\/\",\"url\":\"https:\/\/fedefee.ro\/instrukcii-za-upotreba\/\",\"name\":\"\u0418\u043d\u0441\u0442\u0440\u0443\u043a\u0446\u0438\u0438 \u0437\u0430 \u0443\u043f\u043e\u0442\u0440\u0435\u0431\u0430 - Fedefee.ro\",\"isPartOf\":{\"@id\":\"https:\/\/fedefee.ro\/#website\"},\"datePublished\":\"2025-03-04T18:46:40+00:00\",\"dateModified\":\"2025-03-04T18:50:44+00:00\",\"breadcrumb\":{\"@id\":\"https:\/\/fedefee.ro\/instrukcii-za-upotreba\/#breadcrumb\"},\"inLanguage\":\"ro-RO\",\"potentialAction\":[{\"@type\":\"ReadAction\",\"target\":[\"https:\/\/fedefee.ro\/instrukcii-za-upotreba\/\"]}]},{\"@type\":\"BreadcrumbList\",\"@id\":\"https:\/\/fedefee.ro\/instrukcii-za-upotreba\/#breadcrumb\",\"itemListElement\":[{\"@type\":\"ListItem\",\"position\":1,\"name\":\"\u041d\u0430\u0447\u0430\u043b\u043e\",\"item\":\"https:\/\/fedefee.ro\/\"},{\"@type\":\"ListItem\",\"position\":2,\"name\":\"\u0418\u043d\u0441\u0442\u0440\u0443\u043a\u0446\u0438\u0438 \u0437\u0430 \u0443\u043f\u043e\u0442\u0440\u0435\u0431\u0430\"}]},{\"@type\":\"WebSite\",\"@id\":\"https:\/\/fedefee.ro\/#website\",\"url\":\"https:\/\/fedefee.ro\/\",\"name\":\"Fedefee.com\",\"description\":\"Magazin online de bijuterii de lux\",\"potentialAction\":[{\"@type\":\"SearchAction\",\"target\":{\"@type\":\"EntryPoint\",\"urlTemplate\":\"https:\/\/fedefee.ro\/?s={search_term_string}\"},\"query-input\":{\"@type\":\"PropertyValueSpecification\",\"valueRequired\":true,\"valueName\":\"search_term_string\"}}],\"inLanguage\":\"ro-RO\"}]}<\/script>\n<!-- \/ Yoast SEO Premium plugin. -->","yoast_head_json":{"title":"\u0418\u043d\u0441\u0442\u0440\u0443\u043a\u0446\u0438\u0438 \u0437\u0430 \u0443\u043f\u043e\u0442\u0440\u0435\u0431\u0430 - Fedefee.ro","robots":{"index":"noindex","follow":"follow","max-snippet":"max-snippet:-1","max-image-preview":"max-image-preview:large","max-video-preview":"max-video-preview:-1"},"og_locale":"ro_RO","og_type":"article","og_title":"\u0418\u043d\u0441\u0442\u0440\u0443\u043a\u0446\u0438\u0438 \u0437\u0430 \u0443\u043f\u043e\u0442\u0440\u0435\u0431\u0430","og_description":"\u0418\u043d\u0441\u0442\u0440\u0443\u043a\u0446\u0438\u0438 \u0437\u0430 \u0441\u044a\u0445\u0440\u0430\u043d\u0435\u043d\u0438\u0435 \u0438 \u043f\u043e\u043b\u0437\u0432\u0430\u043d\u0435 \u043d\u0430 \u0431\u0438\u0436\u0443\u0442\u0430 \u0438 \u0430\u043a\u0441\u0435\u0441\u043e\u0430\u0440\u0438 FE DE FE jewelry \u0412\u0441\u0438\u0447\u043a\u0438 \u0431\u0438\u0436\u0443\u0442\u0430, \u043e\u0442 \u0441\u0440\u0435\u0431\u0440\u043e \u0438\u043b\u0438&hellip;","og_url":"https:\/\/fedefee.ro\/ro\/instrukcii-za-upotreba\/","og_site_name":"Fedefee.ro","article_modified_time":"2025-03-04T18:50:44+00:00","twitter_card":"summary_large_image","schema":{"@context":"https:\/\/schema.org","@graph":[{"@type":"WebPage","@id":"https:\/\/fedefee.ro\/instrukcii-za-upotreba\/","url":"https:\/\/fedefee.ro\/instrukcii-za-upotreba\/","name":"\u0418\u043d\u0441\u0442\u0440\u0443\u043a\u0446\u0438\u0438 \u0437\u0430 \u0443\u043f\u043e\u0442\u0440\u0435\u0431\u0430 - Fedefee.ro","isPartOf":{"@id":"https:\/\/fedefee.ro\/#website"},"datePublished":"2025-03-04T18:46:40+00:00","dateModified":"2025-03-04T18:50:44+00:00","breadcrumb":{"@id":"https:\/\/fedefee.ro\/instrukcii-za-upotreba\/#breadcrumb"},"inLanguage":"ro-RO","potentialAction":[{"@type":"ReadAction","target":["https:\/\/fedefee.ro\/instrukcii-za-upotreba\/"]}]},{"@type":"BreadcrumbList","@id":"https:\/\/fedefee.ro\/instrukcii-za-upotreba\/#breadcrumb","itemListElement":[{"@type":"ListItem","position":1,"name":"\u041d\u0430\u0447\u0430\u043b\u043e","item":"https:\/\/fedefee.ro\/"},{"@type":"ListItem","position":2,"name":"\u0418\u043d\u0441\u0442\u0440\u0443\u043a\u0446\u0438\u0438 \u0437\u0430 \u0443\u043f\u043e\u0442\u0440\u0435\u0431\u0430"}]},{"@type":"WebSite","@id":"https:\/\/fedefee.ro\/#website","url":"https:\/\/fedefee.ro\/","name":"Fedefee.com","description":"Magazin online de bijuterii de lux","potentialAction":[{"@type":"SearchAction","target":{"@type":"EntryPoint","urlTemplate":"https:\/\/fedefee.ro\/?s={search_term_string}"},"query-input":{"@type":"PropertyValueSpecification","valueRequired":true,"valueName":"search_term_string"}}],"inLanguage":"ro-RO"}]}},"_links":{"self":[{"href":"https:\/\/fedefee.ro\/ro\/wp-json\/wp\/v2\/pages\/7358","targetHints":{"allow":["GET"]}}],"collection":[{"href":"https:\/\/fedefee.ro\/ro\/wp-json\/wp\/v2\/pages"}],"about":[{"href":"https:\/\/fedefee.ro\/ro\/wp-json\/wp\/v2\/types\/page"}],"author":[{"embeddable":true,"href":"https:\/\/fedefee.ro\/ro\/wp-json\/wp\/v2\/users\/3"}],"replies":[{"embeddable":true,"href":"https:\/\/fedefee.ro\/ro\/wp-json\/wp\/v2\/comments?post=7358"}],"version-history":[{"count":4,"href":"https:\/\/fedefee.ro\/ro\/wp-json\/wp\/v2\/pages\/7358\/revisions"}],"predecessor-version":[{"id":7362,"href":"https:\/\/fedefee.ro\/ro\/wp-json\/wp\/v2\/pages\/7358\/revisions\/7362"}],"wp:attachment":[{"href":"https:\/\/fedefee.ro\/ro\/wp-json\/wp\/v2\/media?parent=7358"}],"curies":[{"name":"wp","href":"https:\/\/api.w.org\/{rel}","templated":true}]}}