{"id":7612,"date":"2025-11-03T00:33:12","date_gmt":"2025-11-02T21:33:12","guid":{"rendered":"https:\/\/fedefee.ro\/?post_type=product&#038;p=7612"},"modified":"2026-02-21T18:40:12","modified_gmt":"2026-02-21T15:40:12","slug":"obeczi-bogomolka","status":"publish","type":"product","link":"https:\/\/fedefee.ro\/ro\/shop\/obeczi-bogomolka\/","title":{"rendered":"Cercei \"C\u0103lug\u0103ri\u021ba\""},"content":{"rendered":"<div dir=\"auto\">\u041e\u0431\u0435\u0446\u0438 \u201e\u0411\u043e\u0433\u043e\u043c\u043e\u043b\u043a\u0430\u201c \u2013 \u0430\u0440\u0442\u0438\u0441\u0442\u0438\u0447\u043d\u0430 \u0432\u0438\u0437\u0438\u044f \u0441 \u0443\u043d\u0438\u043a\u0430\u043b\u0435\u043d \u0434\u0438\u0437\u0430\u0439\u043d<\/div>\n<div dir=\"auto\"><\/div>\n<div dir=\"auto\">Aceste artistice unice cercei cu lungimea de 13 cm \u0219i schimba forma \u00een func\u021bie de unghiul sub care se uita. Din fata arata ca un mare \u0440\u0430\u0437\u0446\u044a\u0444\u043d\u0430\u043b\u0438 flori, dar atunci c\u00e2nd de conducere \u0219i de cotitur\u0103 de a identifica forme, amintind de c\u0103lug\u0103ri\u021b\u0103.<\/div>\n<div dir=\"auto\"><\/div>\n<div dir=\"auto\"><img decoding=\"async\" class=\"an1\" draggable=\"false\" src=\"https:\/\/fonts.gstatic.com\/s\/e\/notoemoji\/16.0\/2714_fe0f\/72.png\" alt=\"\u2714\ufe0f\" width=\"22\" height=\"22\" data-emoji=\"\u2714\ufe0f\" aria-label=\"\u2714\ufe0f\" \/>\u00a0\u0423\u043d\u0438\u043a\u0430\u043b\u0435\u043d \u0430\u0440\u0442\u0438\u0441\u0442\u0438\u0447\u0435\u043d \u0434\u0438\u0437\u0430\u0439\u043d<\/div>\n<div dir=\"auto\"><img decoding=\"async\" class=\"an1\" draggable=\"false\" src=\"https:\/\/fonts.gstatic.com\/s\/e\/notoemoji\/16.0\/2714_fe0f\/72.png\" alt=\"\u2714\ufe0f\" width=\"20\" height=\"20\" data-emoji=\"\u2714\ufe0f\" aria-label=\"\u2714\ufe0f\" \/>\u00a0\u0414\u044a\u043b\u0436\u0438\u043d\u0430 13 \u0441\u043c<\/div>\n<div dir=\"auto\"><img decoding=\"async\" class=\"an1\" draggable=\"false\" src=\"https:\/\/fonts.gstatic.com\/s\/e\/notoemoji\/16.0\/2714_fe0f\/72.png\" alt=\"\u2714\ufe0f\" width=\"20\" height=\"20\" data-emoji=\"\u2714\ufe0f\" aria-label=\"\u2714\ufe0f\" \/>\u00a0\u0422\u0440\u0430\u043d\u0441\u0444\u043e\u0440\u043c\u0438\u0440\u0430\u0449\u0430 \u0441\u0435 \u0444\u043e\u0440\u043c\u0430 \u2013 \u0446\u0432\u0435\u0442\u0435 \u0438\u043b\u0438 \u0431\u043e\u0433\u043e\u043c\u043e\u043b\u043a\u0430<\/div>\n<div dir=\"auto\"><img decoding=\"async\" class=\"an1\" draggable=\"false\" src=\"https:\/\/fonts.gstatic.com\/s\/e\/notoemoji\/16.0\/2714_fe0f\/72.png\" alt=\"\u2714\ufe0f\" width=\"20\" height=\"20\" data-emoji=\"\u2714\ufe0f\" aria-label=\"\u2714\ufe0f\" \/> \u0421\u0440\u0435\u0431\u0440\u043e 925<\/div>\n<div dir=\"auto\"><\/div>\n<div dir=\"auto\">\u0414\u043e\u0441\u0442\u0430\u0432\u043a\u0430 3-5 \u0440\u0430\u0431\u043e\u0442\u043d\u0438 \u0434\u043d\u0438<\/div>","protected":false},"excerpt":{"rendered":"<p>Aceste artistice unice cercei cu lungimea de 13 cm \u0219i schimba forma \u00een func\u021bie de unghiul sub care se uita. Din fata arata ca un mare \u0440\u0430\u0437\u0446\u044a\u0444\u043d\u0430\u043b\u0438 flori, dar atunci c\u00e2nd de conducere \u0219i de cotitur\u0103 de a identifica forme, amintind de c\u0103lug\u0103ri\u021b\u0103.<\/p>","protected":false},"featured_media":7657,"comment_status":"open","ping_status":"closed","template":"","meta":{"_eb_attr":""},"product_cat":[119,116],"product_tag":[],"class_list":{"0":"post-7612","1":"product","2":"type-product","3":"status-publish","4":"has-post-thumbnail","6":"product_cat-bizhuta","7":"product_cat-obeci","9":"first","10":"instock","11":"featured","12":"shipping-taxable","13":"purchasable","14":"product-type-simple"},"yoast_head":"<!-- This site is optimized with the Yoast SEO Premium plugin v26.6 (Yoast SEO v27.0) - https:\/\/yoast.com\/product\/yoast-seo-premium-wordpress\/ -->\n<title>\u041e\u0431\u0435\u0446\u0438 \u201e\u0411\u043e\u0433\u043e\u043c\u043e\u043b\u043a\u0430\u201c - Fedefee.ro<\/title>\n<meta name=\"robots\" content=\"noindex, follow, max-snippet:-1, max-image-preview:large, max-video-preview:-1\" \/>\n<meta property=\"og:locale\" content=\"ro_RO\" \/>\n<meta property=\"og:type\" content=\"article\" \/>\n<meta property=\"og:title\" content=\"\u041e\u0431\u0435\u0446\u0438 \u201e\u0411\u043e\u0433\u043e\u043c\u043e\u043b\u043a\u0430\u201c\" \/>\n<meta property=\"og:description\" content=\"\u0422\u0435\u0437\u0438 \u0443\u043d\u0438\u043a\u0430\u043b\u043d\u0438 \u0430\u0440\u0442\u0438\u0441\u0442\u0438\u0447\u043d\u0438 \u043e\u0431\u0435\u0446\u0438 \u0441 \u0434\u044a\u043b\u0436\u0438\u043d\u0430 13 \u0441\u043c \u043f\u0440\u043e\u043c\u0435\u043d\u044f\u0442 \u0444\u043e\u0440\u043c\u0430\u0442\u0430 \u0441\u0438 \u0432 \u0437\u0430\u0432\u0438\u0441\u0438\u043c\u043e\u0441\u0442 \u043e\u0442 \u044a\u0433\u044a\u043b\u0430, \u043f\u043e\u0434 \u043a\u043e\u0439\u0442\u043e \u0441\u0435 \u0433\u043b\u0435\u0434\u0430\u0442. \u041e\u0442\u043f\u0440\u0435\u0434 \u0438\u0437\u0433\u043b\u0435\u0436\u0434\u0430\u0442 \u043a\u0430\u0442\u043e \u0433\u043e\u043b\u0435\u043c\u0438 \u0440\u0430\u0437\u0446\u044a\u0444\u043d\u0430\u043b\u0438 \u0446\u0432\u0435\u0442\u044f, \u043d\u043e \u043f\u0440\u0438 \u0434\u0432\u0438\u0436\u0435\u043d\u0438\u0435 \u0438 \u0437\u0430\u0432\u044a\u0440\u0442\u0430\u043d\u0435 \u0440\u0430\u0437\u043a\u0440\u0438\u0432\u0430\u0442 \u0444\u043e\u0440\u043c\u0430, \u043d\u0430\u043f\u043e\u0434\u043e\u0431\u044f\u0432\u0430\u0449\u0430 \u0431\u043e\u0433\u043e\u043c\u043e\u043b\u043a\u0430.\" \/>\n<meta property=\"og:url\" content=\"https:\/\/fedefee.ro\/ro\/shop\/obeczi-bogomolka\/\" \/>\n<meta property=\"og:site_name\" content=\"Fedefee.ro\" \/>\n<meta property=\"article:modified_time\" content=\"2026-02-21T15:40:12+00:00\" \/>\n<meta property=\"og:image\" content=\"https:\/\/fedefee.ro\/wp-content\/uploads\/2025\/03\/2912R-1-1.webp\" \/>\n\t<meta property=\"og:image:width\" content=\"993\" \/>\n\t<meta property=\"og:image:height\" content=\"1493\" \/>\n\t<meta property=\"og:image:type\" content=\"image\/webp\" \/>\n<meta name=\"twitter:card\" content=\"summary_large_image\" \/>\n<meta name=\"twitter:label1\" content=\"Timp estimat pentru citire\" \/>\n\t<meta name=\"twitter:data1\" content=\"2 minute\" \/>\n<script type=\"application\/ld+json\" class=\"yoast-schema-graph\">{\"@context\":\"https:\/\/schema.org\",\"@graph\":[{\"@type\":\"WebPage\",\"@id\":\"https:\/\/fedefee.ro\/shop\/obeczi-bogomolka\/\",\"url\":\"https:\/\/fedefee.ro\/shop\/obeczi-bogomolka\/\",\"name\":\"\u041e\u0431\u0435\u0446\u0438 \u201e\u0411\u043e\u0433\u043e\u043c\u043e\u043b\u043a\u0430\u201c - Fedefee.ro\",\"isPartOf\":{\"@id\":\"https:\/\/fedefee.ro\/#website\"},\"primaryImageOfPage\":{\"@id\":\"https:\/\/fedefee.ro\/shop\/obeczi-bogomolka\/#primaryimage\"},\"image\":{\"@id\":\"https:\/\/fedefee.ro\/shop\/obeczi-bogomolka\/#primaryimage\"},\"thumbnailUrl\":\"https:\/\/fedefee.ro\/wp-content\/uploads\/2025\/03\/2912R-1-1.webp\",\"datePublished\":\"2025-11-02T21:33:12+00:00\",\"dateModified\":\"2026-02-21T15:40:12+00:00\",\"breadcrumb\":{\"@id\":\"https:\/\/fedefee.ro\/shop\/obeczi-bogomolka\/#breadcrumb\"},\"inLanguage\":\"ro-RO\",\"potentialAction\":[{\"@type\":\"ReadAction\",\"target\":[\"https:\/\/fedefee.ro\/shop\/obeczi-bogomolka\/\"]}]},{\"@type\":\"ImageObject\",\"inLanguage\":\"ro-RO\",\"@id\":\"https:\/\/fedefee.ro\/shop\/obeczi-bogomolka\/#primaryimage\",\"url\":\"https:\/\/fedefee.ro\/wp-content\/uploads\/2025\/03\/2912R-1-1.webp\",\"contentUrl\":\"https:\/\/fedefee.ro\/wp-content\/uploads\/2025\/03\/2912R-1-1.webp\",\"width\":993,\"height\":1493},{\"@type\":\"BreadcrumbList\",\"@id\":\"https:\/\/fedefee.ro\/shop\/obeczi-bogomolka\/#breadcrumb\",\"itemListElement\":[{\"@type\":\"ListItem\",\"position\":1,\"name\":\"\u041d\u0430\u0447\u0430\u043b\u043e\",\"item\":\"https:\/\/fedefee.ro\/\"},{\"@type\":\"ListItem\",\"position\":2,\"name\":\"\u041f\u0440\u043e\u0434\u0443\u043a\u0442\u0438\",\"item\":\"https:\/\/fedefee.ro\/shop\/\"},{\"@type\":\"ListItem\",\"position\":3,\"name\":\"\u041e\u0431\u0435\u0446\u0438 \u201e\u0411\u043e\u0433\u043e\u043c\u043e\u043b\u043a\u0430\u201c\"}]},{\"@type\":\"WebSite\",\"@id\":\"https:\/\/fedefee.ro\/#website\",\"url\":\"https:\/\/fedefee.ro\/\",\"name\":\"Fedefee.com\",\"description\":\"Magazin online de bijuterii de lux\",\"potentialAction\":[{\"@type\":\"SearchAction\",\"target\":{\"@type\":\"EntryPoint\",\"urlTemplate\":\"https:\/\/fedefee.ro\/?s={search_term_string}\"},\"query-input\":{\"@type\":\"PropertyValueSpecification\",\"valueRequired\":true,\"valueName\":\"search_term_string\"}}],\"inLanguage\":\"ro-RO\"}]}<\/script>\n<!-- \/ Yoast SEO Premium plugin. -->","yoast_head_json":{"title":"\u041e\u0431\u0435\u0446\u0438 \u201e\u0411\u043e\u0433\u043e\u043c\u043e\u043b\u043a\u0430\u201c - Fedefee.ro","robots":{"index":"noindex","follow":"follow","max-snippet":"max-snippet:-1","max-image-preview":"max-image-preview:large","max-video-preview":"max-video-preview:-1"},"og_locale":"ro_RO","og_type":"article","og_title":"\u041e\u0431\u0435\u0446\u0438 \u201e\u0411\u043e\u0433\u043e\u043c\u043e\u043b\u043a\u0430\u201c","og_description":"\u0422\u0435\u0437\u0438 \u0443\u043d\u0438\u043a\u0430\u043b\u043d\u0438 \u0430\u0440\u0442\u0438\u0441\u0442\u0438\u0447\u043d\u0438 \u043e\u0431\u0435\u0446\u0438 \u0441 \u0434\u044a\u043b\u0436\u0438\u043d\u0430 13 \u0441\u043c \u043f\u0440\u043e\u043c\u0435\u043d\u044f\u0442 \u0444\u043e\u0440\u043c\u0430\u0442\u0430 \u0441\u0438 \u0432 \u0437\u0430\u0432\u0438\u0441\u0438\u043c\u043e\u0441\u0442 \u043e\u0442 \u044a\u0433\u044a\u043b\u0430, \u043f\u043e\u0434 \u043a\u043e\u0439\u0442\u043e \u0441\u0435 \u0433\u043b\u0435\u0434\u0430\u0442. \u041e\u0442\u043f\u0440\u0435\u0434 \u0438\u0437\u0433\u043b\u0435\u0436\u0434\u0430\u0442 \u043a\u0430\u0442\u043e \u0433\u043e\u043b\u0435\u043c\u0438 \u0440\u0430\u0437\u0446\u044a\u0444\u043d\u0430\u043b\u0438 \u0446\u0432\u0435\u0442\u044f, \u043d\u043e \u043f\u0440\u0438 \u0434\u0432\u0438\u0436\u0435\u043d\u0438\u0435 \u0438 \u0437\u0430\u0432\u044a\u0440\u0442\u0430\u043d\u0435 \u0440\u0430\u0437\u043a\u0440\u0438\u0432\u0430\u0442 \u0444\u043e\u0440\u043c\u0430, \u043d\u0430\u043f\u043e\u0434\u043e\u0431\u044f\u0432\u0430\u0449\u0430 \u0431\u043e\u0433\u043e\u043c\u043e\u043b\u043a\u0430.","og_url":"https:\/\/fedefee.ro\/ro\/shop\/obeczi-bogomolka\/","og_site_name":"Fedefee.ro","article_modified_time":"2026-02-21T15:40:12+00:00","og_image":[{"width":993,"height":1493,"url":"https:\/\/fedefee.ro\/wp-content\/uploads\/2025\/03\/2912R-1-1.webp","type":"image\/webp"}],"twitter_card":"summary_large_image","twitter_misc":{"Timp estimat pentru citire":"2 minute"},"schema":{"@context":"https:\/\/schema.org","@graph":[{"@type":"WebPage","@id":"https:\/\/fedefee.ro\/shop\/obeczi-bogomolka\/","url":"https:\/\/fedefee.ro\/shop\/obeczi-bogomolka\/","name":"\u041e\u0431\u0435\u0446\u0438 \u201e\u0411\u043e\u0433\u043e\u043c\u043e\u043b\u043a\u0430\u201c - Fedefee.ro","isPartOf":{"@id":"https:\/\/fedefee.ro\/#website"},"primaryImageOfPage":{"@id":"https:\/\/fedefee.ro\/shop\/obeczi-bogomolka\/#primaryimage"},"image":{"@id":"https:\/\/fedefee.ro\/shop\/obeczi-bogomolka\/#primaryimage"},"thumbnailUrl":"https:\/\/fedefee.ro\/wp-content\/uploads\/2025\/03\/2912R-1-1.webp","datePublished":"2025-11-02T21:33:12+00:00","dateModified":"2026-02-21T15:40:12+00:00","breadcrumb":{"@id":"https:\/\/fedefee.ro\/shop\/obeczi-bogomolka\/#breadcrumb"},"inLanguage":"ro-RO","potentialAction":[{"@type":"ReadAction","target":["https:\/\/fedefee.ro\/shop\/obeczi-bogomolka\/"]}]},{"@type":"ImageObject","inLanguage":"ro-RO","@id":"https:\/\/fedefee.ro\/shop\/obeczi-bogomolka\/#primaryimage","url":"https:\/\/fedefee.ro\/wp-content\/uploads\/2025\/03\/2912R-1-1.webp","contentUrl":"https:\/\/fedefee.ro\/wp-content\/uploads\/2025\/03\/2912R-1-1.webp","width":993,"height":1493},{"@type":"BreadcrumbList","@id":"https:\/\/fedefee.ro\/shop\/obeczi-bogomolka\/#breadcrumb","itemListElement":[{"@type":"ListItem","position":1,"name":"\u041d\u0430\u0447\u0430\u043b\u043e","item":"https:\/\/fedefee.ro\/"},{"@type":"ListItem","position":2,"name":"\u041f\u0440\u043e\u0434\u0443\u043a\u0442\u0438","item":"https:\/\/fedefee.ro\/shop\/"},{"@type":"ListItem","position":3,"name":"\u041e\u0431\u0435\u0446\u0438 \u201e\u0411\u043e\u0433\u043e\u043c\u043e\u043b\u043a\u0430\u201c"}]},{"@type":"WebSite","@id":"https:\/\/fedefee.ro\/#website","url":"https:\/\/fedefee.ro\/","name":"Fedefee.com","description":"Magazin online de bijuterii de lux","potentialAction":[{"@type":"SearchAction","target":{"@type":"EntryPoint","urlTemplate":"https:\/\/fedefee.ro\/?s={search_term_string}"},"query-input":{"@type":"PropertyValueSpecification","valueRequired":true,"valueName":"search_term_string"}}],"inLanguage":"ro-RO"}]}},"_links":{"self":[{"href":"https:\/\/fedefee.ro\/ro\/wp-json\/wp\/v2\/product\/7612","targetHints":{"allow":["GET"]}}],"collection":[{"href":"https:\/\/fedefee.ro\/ro\/wp-json\/wp\/v2\/product"}],"about":[{"href":"https:\/\/fedefee.ro\/ro\/wp-json\/wp\/v2\/types\/product"}],"replies":[{"embeddable":true,"href":"https:\/\/fedefee.ro\/ro\/wp-json\/wp\/v2\/comments?post=7612"}],"version-history":[{"count":1,"href":"https:\/\/fedefee.ro\/ro\/wp-json\/wp\/v2\/product\/7612\/revisions"}],"predecessor-version":[{"id":7658,"href":"https:\/\/fedefee.ro\/ro\/wp-json\/wp\/v2\/product\/7612\/revisions\/7658"}],"wp:featuredmedia":[{"embeddable":true,"href":"https:\/\/fedefee.ro\/ro\/wp-json\/wp\/v2\/media\/7657"}],"wp:attachment":[{"href":"https:\/\/fedefee.ro\/ro\/wp-json\/wp\/v2\/media?parent=7612"}],"wp:term":[{"taxonomy":"product_cat","embeddable":true,"href":"https:\/\/fedefee.ro\/ro\/wp-json\/wp\/v2\/product_cat?post=7612"},{"taxonomy":"product_tag","embeddable":true,"href":"https:\/\/fedefee.ro\/ro\/wp-json\/wp\/v2\/product_tag?post=7612"}],"curies":[{"name":"wp","href":"https:\/\/api.w.org\/{rel}","templated":true}]}}