{"id":9062,"date":"2026-02-03T01:31:35","date_gmt":"2026-02-02T22:31:35","guid":{"rendered":"https:\/\/fedefee.ro\/?post_type=product&#038;p=9062"},"modified":"2026-02-21T18:56:35","modified_gmt":"2026-02-21T15:56:35","slug":"statement-kristalna-chanta","status":"publish","type":"product","link":"https:\/\/fedefee.ro\/ro\/shop\/statement-kristalna-chanta\/","title":{"rendered":"Limited edition Crystal Statement Bag by FE DE FE Jewelry"},"content":{"rendered":"<p data-start=\"672\" data-end=\"890\"><strong data-start=\"672\" data-end=\"717\">Crystal Statement Bag by FE DE FE Jewelry<\/strong> \u0435 statement \u043a\u0440\u0438\u0441\u0442\u0430\u043b\u043d\u0430 \u0447\u0430\u043d\u0442\u0430, \u0441\u044a\u0437\u0434\u0430\u0434\u0435\u043d\u0430 \u0434\u0430 \u0431\u044a\u0434\u0435 \u0430\u043a\u0446\u0435\u043d\u0442\u044a\u0442 \u0432\u044a\u0432 \u0432\u0438\u0437\u0438\u044f\u0442\u0430.<br data-start=\"786\" data-end=\"789\" \/>\u0422\u043e\u043f\u044a\u043b \u0431\u043b\u044f\u0441\u044a\u043a, \u043a\u0440\u0438\u0441\u0442\u0430\u043b\u043d\u0438 \u0444\u043b\u043e\u0440\u0430\u043b\u043d\u0438 \u0435\u043b\u0435\u043c\u0435\u043d\u0442\u0438 \u0438 \u0444\u0438\u043d\u0438 \u0441\u0440\u0435\u0431\u0440\u0438\u0441\u0442\u0438 \u0430\u043a\u0446\u0435\u043d\u0442\u0438 \u0443\u043b\u0430\u0432\u044f\u0442 \u0441\u0432\u0435\u0442\u043b\u0438\u043d\u0430\u0442\u0430 \u043f\u0440\u0438 \u0432\u0441\u044f\u043a\u043e \u0434\u0432\u0438\u0436\u0435\u043d\u0438\u0435.<\/p>\n<p data-start=\"892\" data-end=\"1112\">\u0427\u0430\u043d\u0442\u0430\u0442\u0430 \u043f\u0440\u0435\u0434\u043b\u0430\u0433\u0430 \u0434\u0432\u0430 \u043d\u0430\u0447\u0438\u043d\u0430 \u043d\u0430 \u043d\u043e\u0441\u0435\u043d\u0435 \u2014 \u0432 \u0440\u044a\u043a\u0430 \u0437\u0430 \u043f\u043e-\u0441\u0438\u043b\u0435\u043d \u0441\u0438\u043b\u0443\u0435\u0442 \u0438\u043b\u0438 \u043d\u0430 \u0440\u0430\u043c\u043e \u0437\u0430 \u0435\u043b\u0435\u0433\u0430\u043d\u0442\u043d\u0430 \u043b\u0435\u043a\u043e\u0442\u0430.<br data-start=\"990\" data-end=\"993\" \/>\u0420\u044a\u0447\u043d\u043e \u0437\u0430\u0432\u044a\u0440\u0448\u0435\u043d\u0430 \u0441 \u0432\u043d\u0438\u043c\u0430\u043d\u0438\u0435 \u043a\u044a\u043c \u0432\u0441\u0435\u043a\u0438 \u0434\u0435\u0442\u0430\u0439\u043b, \u0442\u044f \u0435 \u0438\u0434\u0435\u0430\u043b\u0435\u043d \u0438\u0437\u0431\u043e\u0440 \u0437\u0430 \u0431\u0443\u043b\u0447\u0438\u043d\u0441\u043a\u0438 \u0432\u0438\u0437\u0438\u0438, \u043e\u0444\u0438\u0446\u0438\u0430\u043b\u043d\u0438 \u0441\u044a\u0431\u0438\u0442\u0438\u044f \u0438 \u0432\u0435\u0447\u0435\u0440\u043d\u0438 \u043f\u043e\u0432\u043e\u0434\u0438.<\/p>\n<p data-start=\"1114\" data-end=\"1231\">\u041a\u043e\u043c\u0431\u0438\u043d\u0438\u0440\u0430\u043d\u0430 \u0441 \u043a\u0440\u0438\u0441\u0442\u0430\u043b\u043d\u0438\u0442\u0435 \u043e\u0431\u0435\u0446\u0438 <strong data-start=\"1146\" data-end=\"1154\">Iris<\/strong>, \u0432\u0438\u0437\u0438\u044f\u0442\u0430 \u0441\u0442\u0430\u0432\u0430 \u0437\u0430\u0432\u044a\u0440\u0448\u0435\u043d\u0430 \u0438 \u0431\u0430\u043b\u0430\u043d\u0441\u0438\u0440\u0430\u043d\u0430 \u2014<br data-start=\"1195\" data-end=\"1198\" \/>\u0441\u0432\u0435\u0442\u043b\u0430, \u0438\u0437\u0447\u0438\u0441\u0442\u0435\u043d\u0430 \u0438 \u0437\u0430\u043f\u043e\u043c\u043d\u044f\u0449\u0430 \u0441\u0435.<\/p>\n<p data-start=\"1233\" data-end=\"1279\">\u0422\u043e\u0432\u0430 \u043d\u0435 \u0435 \u043f\u0440\u043e\u0441\u0442\u043e \u0430\u043a\u0441\u0435\u0441\u043e\u0430\u0440.<br data-start=\"1259\" data-end=\"1262\" \/>\u0422\u043e\u0432\u0430 \u0435 statement.<\/p>\n<p data-start=\"1233\" data-end=\"1279\">\u0425\u0430\u0440\u0430\u043a\u0442\u0435\u0440\u0438\u0441\u0442\u0438\u043a\u0438:<\/p>\n<ul data-start=\"1337\" data-end=\"1585\">\n<li data-start=\"1337\" data-end=\"1366\">\n<p data-start=\"1339\" data-end=\"1366\">Statement \u043a\u0440\u0438\u0441\u0442\u0430\u043b\u043d\u0430 \u0447\u0430\u043d\u0442\u0430<\/p>\n<\/li>\n<li data-start=\"1367\" data-end=\"1414\">\n<p data-start=\"1369\" data-end=\"1414\">\u0424\u043b\u043e\u0440\u0430\u043b\u043d\u0438 \u043a\u0440\u0438\u0441\u0442\u0430\u043b\u043d\u0438 \u0434\u0435\u0442\u0430\u0439\u043b\u0438 \u0438 \u0441\u0440\u0435\u0431\u0440\u0438\u0441\u0442\u0438 \u0430\u043a\u0446\u0435\u043d\u0442\u0438<\/p>\n<\/li>\n<li data-start=\"1415\" data-end=\"1457\">\n<p data-start=\"1417\" data-end=\"1457\">\u0414\u0432\u0430 \u043d\u0430\u0447\u0438\u043d\u0430 \u043d\u0430 \u043d\u043e\u0441\u0435\u043d\u0435: \u0432 \u0440\u044a\u043a\u0430 \u0438 \u043d\u0430 \u0440\u0430\u043c\u043e<\/p>\n<\/li>\n<li data-start=\"1458\" data-end=\"1477\">\n<p data-start=\"1460\" data-end=\"1477\">\u0420\u044a\u0447\u043d\u043e \u0437\u0430\u0432\u044a\u0440\u0448\u0435\u043d\u0430<\/p>\n<\/li>\n<li data-start=\"1478\" data-end=\"1535\">\n<p data-start=\"1480\" data-end=\"1535\">\u041f\u043e\u0434\u0445\u043e\u0434\u044f\u0449\u0430 \u0437\u0430 \u0431\u0443\u043b\u043a\u0438, \u043e\u0444\u0438\u0446\u0438\u0430\u043b\u043d\u0438 \u0441\u044a\u0431\u0438\u0442\u0438\u044f \u0438 \u0432\u0435\u0447\u0435\u0440\u043d\u0438 \u0432\u0438\u0437\u0438\u0438<\/p>\n<\/li>\n<li data-start=\"1536\" data-end=\"1585\">\n<p data-start=\"1538\" data-end=\"1585\">\u041f\u0435\u0440\u0444\u0435\u043a\u0442\u043d\u0430 \u043a\u043e\u043c\u0431\u0438\u043d\u0430\u0446\u0438\u044f \u0441 <a href=\"https:\/\/fedefee.ro\/ro\/shop\/kristalni-obetsi-srebro-925-irisi\/\">\u043a\u0440\u0438\u0441\u0442\u0430\u043b\u043d\u0438\u0442\u0435 \u043e\u0431\u0435\u0446\u0438 Iris<\/a><\/p>\n<\/li>\n<\/ul>\n<p>De livrare: 5 zile lucr\u0103toare.<\/p>","protected":false},"excerpt":{"rendered":"<p data-start=\"424\" data-end=\"614\">Statement cristal geanta cu detalii florale si accente argintii.<br data-start=\"486\" data-end=\"489\" \/>Manual complet\u0103, cu posibilitatea de a transporta \u00een m\u00e2n\u0103 sau pe um\u0103r.<br data-start=\"548\" data-end=\"551\" \/>Creat ca un excelent plus fa\u021b\u0103 de cristal cercei Iris.<\/p>","protected":false},"featured_media":9065,"comment_status":"open","ping_status":"closed","template":"","meta":{"_eb_attr":""},"product_cat":[125,104],"product_tag":[],"class_list":{"0":"post-9062","1":"product","2":"type-product","3":"status-publish","4":"has-post-thumbnail","6":"product_cat-chanti","7":"product_cat-aksesoari","9":"first","10":"instock","11":"shipping-taxable","12":"purchasable","13":"product-type-simple"},"yoast_head":"<!-- This site is optimized with the Yoast SEO Premium plugin v26.6 (Yoast SEO v27.0) - https:\/\/yoast.com\/product\/yoast-seo-premium-wordpress\/ -->\n<title>Statement \u043a\u0440\u0438\u0441\u0442\u0430\u043b\u043d\u0430 \u0447\u0430\u043d\u0442\u0430 | FE DE FE Jewelry<\/title>\n<meta name=\"description\" content=\"Statement \u043a\u0440\u0438\u0441\u0442\u0430\u043b\u043d\u0430 \u0447\u0430\u043d\u0442\u0430 \u0441 \u0444\u043b\u043e\u0440\u0430\u043b\u043d\u0438 \u043a\u0440\u0438\u0441\u0442\u0430\u043b\u043d\u0438 \u0434\u0435\u0442\u0430\u0439\u043b\u0438 \u0438 \u0441\u0440\u0435\u0431\u0440\u0438\u0441\u0442\u0438 \u0430\u043a\u0446\u0435\u043d\u0442\u0438. \u041c\u043e\u0436\u0435 \u0434\u0430 \u0441\u0435 \u043d\u043e\u0441\u0438 \u0432 \u0440\u044a\u043a\u0430 \u0438\u043b\u0438 \u043d\u0430 \u0440\u0430\u043c\u043e. FE DE FE Jewelry.\" \/>\n<meta name=\"robots\" content=\"noindex, follow, max-snippet:-1, max-image-preview:large, max-video-preview:-1\" \/>\n<meta property=\"og:locale\" content=\"ro_RO\" \/>\n<meta property=\"og:type\" content=\"article\" \/>\n<meta property=\"og:title\" content=\"Limited edition Crystal Statement Bag by FE DE FE Jewelry\" \/>\n<meta property=\"og:description\" content=\"Statement \u043a\u0440\u0438\u0441\u0442\u0430\u043b\u043d\u0430 \u0447\u0430\u043d\u0442\u0430 \u0441 \u0444\u043b\u043e\u0440\u0430\u043b\u043d\u0438 \u043a\u0440\u0438\u0441\u0442\u0430\u043b\u043d\u0438 \u0434\u0435\u0442\u0430\u0439\u043b\u0438 \u0438 \u0441\u0440\u0435\u0431\u0440\u0438\u0441\u0442\u0438 \u0430\u043a\u0446\u0435\u043d\u0442\u0438. \u041c\u043e\u0436\u0435 \u0434\u0430 \u0441\u0435 \u043d\u043e\u0441\u0438 \u0432 \u0440\u044a\u043a\u0430 \u0438\u043b\u0438 \u043d\u0430 \u0440\u0430\u043c\u043e. FE DE FE Jewelry.\" \/>\n<meta property=\"og:url\" content=\"https:\/\/fedefee.ro\/ro\/shop\/statement-kristalna-chanta\/\" \/>\n<meta property=\"og:site_name\" content=\"Fedefee.ro\" \/>\n<meta property=\"article:modified_time\" content=\"2026-02-21T15:56:35+00:00\" \/>\n<meta property=\"og:image\" content=\"https:\/\/fedefee.ro\/wp-content\/uploads\/2026\/02\/dsc_3016-scaled.webp\" \/>\n\t<meta property=\"og:image:width\" content=\"2240\" \/>\n\t<meta property=\"og:image:height\" content=\"3360\" \/>\n\t<meta property=\"og:image:type\" content=\"image\/webp\" \/>\n<meta name=\"twitter:card\" content=\"summary_large_image\" \/>\n<meta name=\"twitter:label1\" content=\"Timp estimat pentru citire\" \/>\n\t<meta name=\"twitter:data1\" content=\"1 minut\" \/>\n<script type=\"application\/ld+json\" class=\"yoast-schema-graph\">{\"@context\":\"https:\/\/schema.org\",\"@graph\":[{\"@type\":\"WebPage\",\"@id\":\"https:\/\/fedefee.ro\/shop\/statement-kristalna-chanta\/\",\"url\":\"https:\/\/fedefee.ro\/shop\/statement-kristalna-chanta\/\",\"name\":\"Statement \u043a\u0440\u0438\u0441\u0442\u0430\u043b\u043d\u0430 \u0447\u0430\u043d\u0442\u0430 | FE DE FE Jewelry\",\"isPartOf\":{\"@id\":\"https:\/\/fedefee.ro\/#website\"},\"primaryImageOfPage\":{\"@id\":\"https:\/\/fedefee.ro\/shop\/statement-kristalna-chanta\/#primaryimage\"},\"image\":{\"@id\":\"https:\/\/fedefee.ro\/shop\/statement-kristalna-chanta\/#primaryimage\"},\"thumbnailUrl\":\"https:\/\/fedefee.ro\/wp-content\/uploads\/2026\/02\/dsc_3016-scaled.webp\",\"datePublished\":\"2026-02-02T22:31:35+00:00\",\"dateModified\":\"2026-02-21T15:56:35+00:00\",\"description\":\"Statement \u043a\u0440\u0438\u0441\u0442\u0430\u043b\u043d\u0430 \u0447\u0430\u043d\u0442\u0430 \u0441 \u0444\u043b\u043e\u0440\u0430\u043b\u043d\u0438 \u043a\u0440\u0438\u0441\u0442\u0430\u043b\u043d\u0438 \u0434\u0435\u0442\u0430\u0439\u043b\u0438 \u0438 \u0441\u0440\u0435\u0431\u0440\u0438\u0441\u0442\u0438 \u0430\u043a\u0446\u0435\u043d\u0442\u0438. \u041c\u043e\u0436\u0435 \u0434\u0430 \u0441\u0435 \u043d\u043e\u0441\u0438 \u0432 \u0440\u044a\u043a\u0430 \u0438\u043b\u0438 \u043d\u0430 \u0440\u0430\u043c\u043e. FE DE FE Jewelry.\",\"breadcrumb\":{\"@id\":\"https:\/\/fedefee.ro\/shop\/statement-kristalna-chanta\/#breadcrumb\"},\"inLanguage\":\"ro-RO\",\"potentialAction\":[{\"@type\":\"ReadAction\",\"target\":[\"https:\/\/fedefee.ro\/shop\/statement-kristalna-chanta\/\"]}]},{\"@type\":\"ImageObject\",\"inLanguage\":\"ro-RO\",\"@id\":\"https:\/\/fedefee.ro\/shop\/statement-kristalna-chanta\/#primaryimage\",\"url\":\"https:\/\/fedefee.ro\/wp-content\/uploads\/2026\/02\/dsc_3016-scaled.webp\",\"contentUrl\":\"https:\/\/fedefee.ro\/wp-content\/uploads\/2026\/02\/dsc_3016-scaled.webp\",\"width\":2240,\"height\":3360},{\"@type\":\"BreadcrumbList\",\"@id\":\"https:\/\/fedefee.ro\/shop\/statement-kristalna-chanta\/#breadcrumb\",\"itemListElement\":[{\"@type\":\"ListItem\",\"position\":1,\"name\":\"\u041d\u0430\u0447\u0430\u043b\u043e\",\"item\":\"https:\/\/fedefee.ro\/\"},{\"@type\":\"ListItem\",\"position\":2,\"name\":\"\u041f\u0440\u043e\u0434\u0443\u043a\u0442\u0438\",\"item\":\"https:\/\/fedefee.ro\/shop\/\"},{\"@type\":\"ListItem\",\"position\":3,\"name\":\"Limited edition Crystal Statement Bag by FE DE FE Jewelry\"}]},{\"@type\":\"WebSite\",\"@id\":\"https:\/\/fedefee.ro\/#website\",\"url\":\"https:\/\/fedefee.ro\/\",\"name\":\"Fedefee.com\",\"description\":\"Magazin online de bijuterii de lux\",\"potentialAction\":[{\"@type\":\"SearchAction\",\"target\":{\"@type\":\"EntryPoint\",\"urlTemplate\":\"https:\/\/fedefee.ro\/?s={search_term_string}\"},\"query-input\":{\"@type\":\"PropertyValueSpecification\",\"valueRequired\":true,\"valueName\":\"search_term_string\"}}],\"inLanguage\":\"ro-RO\"}]}<\/script>\n<!-- \/ Yoast SEO Premium plugin. -->","yoast_head_json":{"title":"Statement \u043a\u0440\u0438\u0441\u0442\u0430\u043b\u043d\u0430 \u0447\u0430\u043d\u0442\u0430 | FE DE FE Jewelry","description":"Statement \u043a\u0440\u0438\u0441\u0442\u0430\u043b\u043d\u0430 \u0447\u0430\u043d\u0442\u0430 \u0441 \u0444\u043b\u043e\u0440\u0430\u043b\u043d\u0438 \u043a\u0440\u0438\u0441\u0442\u0430\u043b\u043d\u0438 \u0434\u0435\u0442\u0430\u0439\u043b\u0438 \u0438 \u0441\u0440\u0435\u0431\u0440\u0438\u0441\u0442\u0438 \u0430\u043a\u0446\u0435\u043d\u0442\u0438. \u041c\u043e\u0436\u0435 \u0434\u0430 \u0441\u0435 \u043d\u043e\u0441\u0438 \u0432 \u0440\u044a\u043a\u0430 \u0438\u043b\u0438 \u043d\u0430 \u0440\u0430\u043c\u043e. FE DE FE Jewelry.","robots":{"index":"noindex","follow":"follow","max-snippet":"max-snippet:-1","max-image-preview":"max-image-preview:large","max-video-preview":"max-video-preview:-1"},"og_locale":"ro_RO","og_type":"article","og_title":"Limited edition Crystal Statement Bag by FE DE FE Jewelry","og_description":"Statement \u043a\u0440\u0438\u0441\u0442\u0430\u043b\u043d\u0430 \u0447\u0430\u043d\u0442\u0430 \u0441 \u0444\u043b\u043e\u0440\u0430\u043b\u043d\u0438 \u043a\u0440\u0438\u0441\u0442\u0430\u043b\u043d\u0438 \u0434\u0435\u0442\u0430\u0439\u043b\u0438 \u0438 \u0441\u0440\u0435\u0431\u0440\u0438\u0441\u0442\u0438 \u0430\u043a\u0446\u0435\u043d\u0442\u0438. \u041c\u043e\u0436\u0435 \u0434\u0430 \u0441\u0435 \u043d\u043e\u0441\u0438 \u0432 \u0440\u044a\u043a\u0430 \u0438\u043b\u0438 \u043d\u0430 \u0440\u0430\u043c\u043e. FE DE FE Jewelry.","og_url":"https:\/\/fedefee.ro\/ro\/shop\/statement-kristalna-chanta\/","og_site_name":"Fedefee.ro","article_modified_time":"2026-02-21T15:56:35+00:00","og_image":[{"width":2240,"height":3360,"url":"https:\/\/fedefee.ro\/wp-content\/uploads\/2026\/02\/dsc_3016-scaled.webp","type":"image\/webp"}],"twitter_card":"summary_large_image","twitter_misc":{"Timp estimat pentru citire":"1 minut"},"schema":{"@context":"https:\/\/schema.org","@graph":[{"@type":"WebPage","@id":"https:\/\/fedefee.ro\/shop\/statement-kristalna-chanta\/","url":"https:\/\/fedefee.ro\/shop\/statement-kristalna-chanta\/","name":"Statement \u043a\u0440\u0438\u0441\u0442\u0430\u043b\u043d\u0430 \u0447\u0430\u043d\u0442\u0430 | FE DE FE Jewelry","isPartOf":{"@id":"https:\/\/fedefee.ro\/#website"},"primaryImageOfPage":{"@id":"https:\/\/fedefee.ro\/shop\/statement-kristalna-chanta\/#primaryimage"},"image":{"@id":"https:\/\/fedefee.ro\/shop\/statement-kristalna-chanta\/#primaryimage"},"thumbnailUrl":"https:\/\/fedefee.ro\/wp-content\/uploads\/2026\/02\/dsc_3016-scaled.webp","datePublished":"2026-02-02T22:31:35+00:00","dateModified":"2026-02-21T15:56:35+00:00","description":"Statement \u043a\u0440\u0438\u0441\u0442\u0430\u043b\u043d\u0430 \u0447\u0430\u043d\u0442\u0430 \u0441 \u0444\u043b\u043e\u0440\u0430\u043b\u043d\u0438 \u043a\u0440\u0438\u0441\u0442\u0430\u043b\u043d\u0438 \u0434\u0435\u0442\u0430\u0439\u043b\u0438 \u0438 \u0441\u0440\u0435\u0431\u0440\u0438\u0441\u0442\u0438 \u0430\u043a\u0446\u0435\u043d\u0442\u0438. \u041c\u043e\u0436\u0435 \u0434\u0430 \u0441\u0435 \u043d\u043e\u0441\u0438 \u0432 \u0440\u044a\u043a\u0430 \u0438\u043b\u0438 \u043d\u0430 \u0440\u0430\u043c\u043e. FE DE FE Jewelry.","breadcrumb":{"@id":"https:\/\/fedefee.ro\/shop\/statement-kristalna-chanta\/#breadcrumb"},"inLanguage":"ro-RO","potentialAction":[{"@type":"ReadAction","target":["https:\/\/fedefee.ro\/shop\/statement-kristalna-chanta\/"]}]},{"@type":"ImageObject","inLanguage":"ro-RO","@id":"https:\/\/fedefee.ro\/shop\/statement-kristalna-chanta\/#primaryimage","url":"https:\/\/fedefee.ro\/wp-content\/uploads\/2026\/02\/dsc_3016-scaled.webp","contentUrl":"https:\/\/fedefee.ro\/wp-content\/uploads\/2026\/02\/dsc_3016-scaled.webp","width":2240,"height":3360},{"@type":"BreadcrumbList","@id":"https:\/\/fedefee.ro\/shop\/statement-kristalna-chanta\/#breadcrumb","itemListElement":[{"@type":"ListItem","position":1,"name":"\u041d\u0430\u0447\u0430\u043b\u043e","item":"https:\/\/fedefee.ro\/"},{"@type":"ListItem","position":2,"name":"\u041f\u0440\u043e\u0434\u0443\u043a\u0442\u0438","item":"https:\/\/fedefee.ro\/shop\/"},{"@type":"ListItem","position":3,"name":"Limited edition Crystal Statement Bag by FE DE FE Jewelry"}]},{"@type":"WebSite","@id":"https:\/\/fedefee.ro\/#website","url":"https:\/\/fedefee.ro\/","name":"Fedefee.com","description":"Magazin online de bijuterii de lux","potentialAction":[{"@type":"SearchAction","target":{"@type":"EntryPoint","urlTemplate":"https:\/\/fedefee.ro\/?s={search_term_string}"},"query-input":{"@type":"PropertyValueSpecification","valueRequired":true,"valueName":"search_term_string"}}],"inLanguage":"ro-RO"}]}},"_links":{"self":[{"href":"https:\/\/fedefee.ro\/ro\/wp-json\/wp\/v2\/product\/9062","targetHints":{"allow":["GET"]}}],"collection":[{"href":"https:\/\/fedefee.ro\/ro\/wp-json\/wp\/v2\/product"}],"about":[{"href":"https:\/\/fedefee.ro\/ro\/wp-json\/wp\/v2\/types\/product"}],"replies":[{"embeddable":true,"href":"https:\/\/fedefee.ro\/ro\/wp-json\/wp\/v2\/comments?post=9062"}],"version-history":[{"count":1,"href":"https:\/\/fedefee.ro\/ro\/wp-json\/wp\/v2\/product\/9062\/revisions"}],"predecessor-version":[{"id":9072,"href":"https:\/\/fedefee.ro\/ro\/wp-json\/wp\/v2\/product\/9062\/revisions\/9072"}],"wp:featuredmedia":[{"embeddable":true,"href":"https:\/\/fedefee.ro\/ro\/wp-json\/wp\/v2\/media\/9065"}],"wp:attachment":[{"href":"https:\/\/fedefee.ro\/ro\/wp-json\/wp\/v2\/media?parent=9062"}],"wp:term":[{"taxonomy":"product_cat","embeddable":true,"href":"https:\/\/fedefee.ro\/ro\/wp-json\/wp\/v2\/product_cat?post=9062"},{"taxonomy":"product_tag","embeddable":true,"href":"https:\/\/fedefee.ro\/ro\/wp-json\/wp\/v2\/product_tag?post=9062"}],"curies":[{"name":"wp","href":"https:\/\/api.w.org\/{rel}","templated":true}]}}