{"id":9079,"date":"2026-02-04T01:08:37","date_gmt":"2026-02-03T22:08:37","guid":{"rendered":"https:\/\/fedefee.ro\/?post_type=product&#038;p=9079"},"modified":"2026-02-24T01:22:33","modified_gmt":"2026-02-23T22:22:33","slug":"mazhka-butoniera-aksesoar-kostyum","status":"publish","type":"product","link":"https:\/\/fedefee.ro\/ro\/shop\/mazhka-butoniera-aksesoar-kostyum\/","title":{"rendered":"De sex masculin bucla\/accesoriu pentru costumul alb de flori \u0219i coaj\u0103 de perle"},"content":{"rendered":"<p data-start=\"953\" data-end=\"1178\"><strong data-start=\"958\" data-end=\"987\">De sex masculin bucle pentru a se potrivi cu alb floare<\/strong>\u00a0este stilat si elegant accesoriu creat pentru barbati cu bun gust la detalii. Acesta este realizat \u00een form\u0103 \u00een condi\u021bii de siguran\u021b\u0103 a acului, ceea ce \u00eel face confortabil \u0219i practic pentru \u0219osete.<\/p>\n<p data-start=\"1180\" data-end=\"1471\">\u0411\u0443\u0442\u043e\u043d\u0438\u0435\u0440\u0430\u0442\u0430 decorat fin <strong data-start=\"1212\" data-end=\"1238\">shell perle \u0219i alb floare<\/strong>care \u00eei confer\u0103 rafinat \u0219i un aspect modern. Potrivit pentru evenimente oficiale, c\u00e2t \u0219i pentru ocazii speciale, cum ar fi <strong data-start=\"1350\" data-end=\"1371\">bal de absolvire<\/strong>, <strong data-start=\"1373\" data-end=\"1383\">nunta<\/strong> sau un eveniment festiv. O alegere excelent\u0103 at\u00e2t pentru mire, c\u00e2t \u0219i pentru oaspe\u021bii de nunta.<\/p>\n<p data-start=\"1473\" data-end=\"1674\">Acest lucru <strong data-start=\"1480\" data-end=\"1505\">modern de tip bucla<\/strong>pe care le pute\u021bi purta \u0219i dup\u0103 acest eveniment \u2013 ca un accesoriu elegant pe sacou sau costum. Construc\u021bia u\u0219oar\u0103 \u0219i designul clasic face versatil \u0219i u\u0219or de utilizat pentru a combina.<\/p>\n<p data-start=\"1676\" data-end=\"1704\"><strong data-start=\"1676\" data-end=\"1704\">De livrare: 5 zile lucr\u0103toare.<\/strong><\/p>","protected":false},"excerpt":{"rendered":"<p>Stilat si elegant <strong data-start=\"683\" data-end=\"712\">de sex masculin balamale pentru costum<\/strong>tip \u00een limba englez\u0103 de un ac, decorat cu shell perle de culoare alb\u0103 \u0219i de culoare. Este potrivit pentru absolven\u021bii \u0219colii, oaspe\u021bii de la nunt\u0103 \u0219i evenimente oficiale. Un accesoriu la mod\u0103, care pot fi purtate \u0219i dup\u0103 acest eveniment.<\/p>","protected":false},"featured_media":9076,"comment_status":"open","ping_status":"closed","template":"","meta":{"_eb_attr":""},"product_cat":[124],"product_tag":[],"class_list":{"0":"post-9079","1":"product","2":"type-product","3":"status-publish","4":"has-post-thumbnail","6":"product_cat-mazhki-aksesoari","8":"first","9":"instock","10":"shipping-taxable","11":"purchasable","12":"product-type-simple"},"yoast_head":"<!-- This site is optimized with the Yoast SEO Premium plugin v26.6 (Yoast SEO v27.0) - https:\/\/yoast.com\/product\/yoast-seo-premium-wordpress\/ -->\n<title>\u041c\u044a\u0436\u043a\u0430 \u0431\u0443\u0442\u043e\u043d\u0438\u0435\u0440\u0430 \u0437\u0430 \u043a\u043e\u0441\u0442\u044e\u043c \u2013 \u0435\u043b\u0435\u0433\u0430\u043d\u0442\u0435\u043d \u0430\u043a\u0441\u0435\u0441\u043e\u0430\u0440 \u0431\u044f\u043b\u043e \u0446\u0432\u0435\u0442\u0435<\/title>\n<meta name=\"description\" content=\"\u0415\u043b\u0435\u0433\u0430\u043d\u0442\u043d\u0430 \u043c\u044a\u0436\u043a\u0430 \u0431\u0443\u0442\u043e\u043d\u0438\u0435\u0440\u0430 \u0437\u0430 \u043a\u043e\u0441\u0442\u044e\u043c \u0441 \u0448\u0435\u043b \u043f\u0435\u0440\u043b\u0438 \u0438 \u0431\u044f\u043b\u043e \u0446\u0432\u0435\u0442\u0435. \u0418\u0434\u0435\u0430\u043b\u0435\u043d \u0430\u043a\u0441\u0435\u0441\u043e\u0430\u0440 \u0437\u0430 \u0430\u0431\u0438\u0442\u0443\u0440\u0438\u0435\u043d\u0442, \u0441\u0432\u0430\u0442\u0431\u0430 \u0438\u043b\u0438 \u043e\u0444\u0438\u0446\u0438\u0430\u043b\u0435\u043d \u043f\u043e\u0432\u043e\u0434.\" \/>\n<meta name=\"robots\" content=\"noindex, follow, max-snippet:-1, max-image-preview:large, max-video-preview:-1\" \/>\n<meta property=\"og:locale\" content=\"ro_RO\" \/>\n<meta property=\"og:type\" content=\"article\" \/>\n<meta property=\"og:title\" content=\"\u041c\u044a\u0436\u043a\u0430 \u0431\u0443\u0442\u043e\u043d\u0438\u0435\u0440\u0430\/\u0430\u043a\u0441\u0435\u0441\u043e\u0430\u0440 \u0437\u0430 \u043a\u043e\u0441\u0442\u044e\u043c \u0441 \u0431\u044f\u043b\u043e \u0446\u0432\u0435\u0442\u0435 \u0438 \u0448\u0435\u043b \u043f\u0435\u0440\u043b\u0438\" \/>\n<meta property=\"og:description\" content=\"\u0415\u043b\u0435\u0433\u0430\u043d\u0442\u043d\u0430 \u043c\u044a\u0436\u043a\u0430 \u0431\u0443\u0442\u043e\u043d\u0438\u0435\u0440\u0430 \u0437\u0430 \u043a\u043e\u0441\u0442\u044e\u043c \u0441 \u0448\u0435\u043b \u043f\u0435\u0440\u043b\u0438 \u0438 \u0431\u044f\u043b\u043e \u0446\u0432\u0435\u0442\u0435. \u0418\u0434\u0435\u0430\u043b\u0435\u043d \u0430\u043a\u0441\u0435\u0441\u043e\u0430\u0440 \u0437\u0430 \u0430\u0431\u0438\u0442\u0443\u0440\u0438\u0435\u043d\u0442, \u0441\u0432\u0430\u0442\u0431\u0430 \u0438\u043b\u0438 \u043e\u0444\u0438\u0446\u0438\u0430\u043b\u0435\u043d \u043f\u043e\u0432\u043e\u0434.\" \/>\n<meta property=\"og:url\" content=\"https:\/\/fedefee.ro\/ro\/shop\/mazhka-butoniera-aksesoar-kostyum\/\" \/>\n<meta property=\"og:site_name\" content=\"Fedefee.ro\" \/>\n<meta property=\"article:modified_time\" content=\"2026-02-23T22:22:33+00:00\" \/>\n<meta property=\"og:image\" content=\"https:\/\/fedefee.ro\/wp-content\/uploads\/2026\/02\/dsc_3207-scaled.webp\" \/>\n\t<meta property=\"og:image:width\" content=\"2240\" \/>\n\t<meta property=\"og:image:height\" content=\"3360\" \/>\n\t<meta property=\"og:image:type\" content=\"image\/webp\" \/>\n<meta name=\"twitter:card\" content=\"summary_large_image\" \/>\n<meta name=\"twitter:label1\" content=\"Timp estimat pentru citire\" \/>\n\t<meta name=\"twitter:data1\" content=\"1 minut\" \/>\n<script type=\"application\/ld+json\" class=\"yoast-schema-graph\">{\"@context\":\"https:\/\/schema.org\",\"@graph\":[{\"@type\":\"WebPage\",\"@id\":\"https:\/\/fedefee.ro\/shop\/mazhka-butoniera-aksesoar-kostyum\/\",\"url\":\"https:\/\/fedefee.ro\/shop\/mazhka-butoniera-aksesoar-kostyum\/\",\"name\":\"\u041c\u044a\u0436\u043a\u0430 \u0431\u0443\u0442\u043e\u043d\u0438\u0435\u0440\u0430 \u0437\u0430 \u043a\u043e\u0441\u0442\u044e\u043c \u2013 \u0435\u043b\u0435\u0433\u0430\u043d\u0442\u0435\u043d \u0430\u043a\u0441\u0435\u0441\u043e\u0430\u0440 \u0431\u044f\u043b\u043e \u0446\u0432\u0435\u0442\u0435\",\"isPartOf\":{\"@id\":\"https:\/\/fedefee.ro\/#website\"},\"primaryImageOfPage\":{\"@id\":\"https:\/\/fedefee.ro\/shop\/mazhka-butoniera-aksesoar-kostyum\/#primaryimage\"},\"image\":{\"@id\":\"https:\/\/fedefee.ro\/shop\/mazhka-butoniera-aksesoar-kostyum\/#primaryimage\"},\"thumbnailUrl\":\"https:\/\/fedefee.ro\/wp-content\/uploads\/2026\/02\/dsc_3207-scaled.webp\",\"datePublished\":\"2026-02-03T22:08:37+00:00\",\"dateModified\":\"2026-02-23T22:22:33+00:00\",\"description\":\"\u0415\u043b\u0435\u0433\u0430\u043d\u0442\u043d\u0430 \u043c\u044a\u0436\u043a\u0430 \u0431\u0443\u0442\u043e\u043d\u0438\u0435\u0440\u0430 \u0437\u0430 \u043a\u043e\u0441\u0442\u044e\u043c \u0441 \u0448\u0435\u043b \u043f\u0435\u0440\u043b\u0438 \u0438 \u0431\u044f\u043b\u043e \u0446\u0432\u0435\u0442\u0435. \u0418\u0434\u0435\u0430\u043b\u0435\u043d \u0430\u043a\u0441\u0435\u0441\u043e\u0430\u0440 \u0437\u0430 \u0430\u0431\u0438\u0442\u0443\u0440\u0438\u0435\u043d\u0442, \u0441\u0432\u0430\u0442\u0431\u0430 \u0438\u043b\u0438 \u043e\u0444\u0438\u0446\u0438\u0430\u043b\u0435\u043d \u043f\u043e\u0432\u043e\u0434.\",\"breadcrumb\":{\"@id\":\"https:\/\/fedefee.ro\/shop\/mazhka-butoniera-aksesoar-kostyum\/#breadcrumb\"},\"inLanguage\":\"ro-RO\",\"potentialAction\":[{\"@type\":\"ReadAction\",\"target\":[\"https:\/\/fedefee.ro\/shop\/mazhka-butoniera-aksesoar-kostyum\/\"]}]},{\"@type\":\"ImageObject\",\"inLanguage\":\"ro-RO\",\"@id\":\"https:\/\/fedefee.ro\/shop\/mazhka-butoniera-aksesoar-kostyum\/#primaryimage\",\"url\":\"https:\/\/fedefee.ro\/wp-content\/uploads\/2026\/02\/dsc_3207-scaled.webp\",\"contentUrl\":\"https:\/\/fedefee.ro\/wp-content\/uploads\/2026\/02\/dsc_3207-scaled.webp\",\"width\":2240,\"height\":3360},{\"@type\":\"BreadcrumbList\",\"@id\":\"https:\/\/fedefee.ro\/shop\/mazhka-butoniera-aksesoar-kostyum\/#breadcrumb\",\"itemListElement\":[{\"@type\":\"ListItem\",\"position\":1,\"name\":\"\u041d\u0430\u0447\u0430\u043b\u043e\",\"item\":\"https:\/\/fedefee.ro\/\"},{\"@type\":\"ListItem\",\"position\":2,\"name\":\"\u041f\u0440\u043e\u0434\u0443\u043a\u0442\u0438\",\"item\":\"https:\/\/fedefee.ro\/shop\/\"},{\"@type\":\"ListItem\",\"position\":3,\"name\":\"\u041c\u044a\u0436\u043a\u0430 \u0431\u0443\u0442\u043e\u043d\u0438\u0435\u0440\u0430\/\u0430\u043a\u0441\u0435\u0441\u043e\u0430\u0440 \u0437\u0430 \u043a\u043e\u0441\u0442\u044e\u043c \u0441 \u0431\u044f\u043b\u043e \u0446\u0432\u0435\u0442\u0435 \u0438 \u0448\u0435\u043b \u043f\u0435\u0440\u043b\u0438\"}]},{\"@type\":\"WebSite\",\"@id\":\"https:\/\/fedefee.ro\/#website\",\"url\":\"https:\/\/fedefee.ro\/\",\"name\":\"Fedefee.com\",\"description\":\"Magazin online de bijuterii de lux\",\"potentialAction\":[{\"@type\":\"SearchAction\",\"target\":{\"@type\":\"EntryPoint\",\"urlTemplate\":\"https:\/\/fedefee.ro\/?s={search_term_string}\"},\"query-input\":{\"@type\":\"PropertyValueSpecification\",\"valueRequired\":true,\"valueName\":\"search_term_string\"}}],\"inLanguage\":\"ro-RO\"}]}<\/script>\n<!-- \/ Yoast SEO Premium plugin. -->","yoast_head_json":{"title":"\u041c\u044a\u0436\u043a\u0430 \u0431\u0443\u0442\u043e\u043d\u0438\u0435\u0440\u0430 \u0437\u0430 \u043a\u043e\u0441\u0442\u044e\u043c \u2013 \u0435\u043b\u0435\u0433\u0430\u043d\u0442\u0435\u043d \u0430\u043a\u0441\u0435\u0441\u043e\u0430\u0440 \u0431\u044f\u043b\u043e \u0446\u0432\u0435\u0442\u0435","description":"\u0415\u043b\u0435\u0433\u0430\u043d\u0442\u043d\u0430 \u043c\u044a\u0436\u043a\u0430 \u0431\u0443\u0442\u043e\u043d\u0438\u0435\u0440\u0430 \u0437\u0430 \u043a\u043e\u0441\u0442\u044e\u043c \u0441 \u0448\u0435\u043b \u043f\u0435\u0440\u043b\u0438 \u0438 \u0431\u044f\u043b\u043e \u0446\u0432\u0435\u0442\u0435. \u0418\u0434\u0435\u0430\u043b\u0435\u043d \u0430\u043a\u0441\u0435\u0441\u043e\u0430\u0440 \u0437\u0430 \u0430\u0431\u0438\u0442\u0443\u0440\u0438\u0435\u043d\u0442, \u0441\u0432\u0430\u0442\u0431\u0430 \u0438\u043b\u0438 \u043e\u0444\u0438\u0446\u0438\u0430\u043b\u0435\u043d \u043f\u043e\u0432\u043e\u0434.","robots":{"index":"noindex","follow":"follow","max-snippet":"max-snippet:-1","max-image-preview":"max-image-preview:large","max-video-preview":"max-video-preview:-1"},"og_locale":"ro_RO","og_type":"article","og_title":"\u041c\u044a\u0436\u043a\u0430 \u0431\u0443\u0442\u043e\u043d\u0438\u0435\u0440\u0430\/\u0430\u043a\u0441\u0435\u0441\u043e\u0430\u0440 \u0437\u0430 \u043a\u043e\u0441\u0442\u044e\u043c \u0441 \u0431\u044f\u043b\u043e \u0446\u0432\u0435\u0442\u0435 \u0438 \u0448\u0435\u043b \u043f\u0435\u0440\u043b\u0438","og_description":"\u0415\u043b\u0435\u0433\u0430\u043d\u0442\u043d\u0430 \u043c\u044a\u0436\u043a\u0430 \u0431\u0443\u0442\u043e\u043d\u0438\u0435\u0440\u0430 \u0437\u0430 \u043a\u043e\u0441\u0442\u044e\u043c \u0441 \u0448\u0435\u043b \u043f\u0435\u0440\u043b\u0438 \u0438 \u0431\u044f\u043b\u043e \u0446\u0432\u0435\u0442\u0435. \u0418\u0434\u0435\u0430\u043b\u0435\u043d \u0430\u043a\u0441\u0435\u0441\u043e\u0430\u0440 \u0437\u0430 \u0430\u0431\u0438\u0442\u0443\u0440\u0438\u0435\u043d\u0442, \u0441\u0432\u0430\u0442\u0431\u0430 \u0438\u043b\u0438 \u043e\u0444\u0438\u0446\u0438\u0430\u043b\u0435\u043d \u043f\u043e\u0432\u043e\u0434.","og_url":"https:\/\/fedefee.ro\/ro\/shop\/mazhka-butoniera-aksesoar-kostyum\/","og_site_name":"Fedefee.ro","article_modified_time":"2026-02-23T22:22:33+00:00","og_image":[{"width":2240,"height":3360,"url":"https:\/\/fedefee.ro\/wp-content\/uploads\/2026\/02\/dsc_3207-scaled.webp","type":"image\/webp"}],"twitter_card":"summary_large_image","twitter_misc":{"Timp estimat pentru citire":"1 minut"},"schema":{"@context":"https:\/\/schema.org","@graph":[{"@type":"WebPage","@id":"https:\/\/fedefee.ro\/shop\/mazhka-butoniera-aksesoar-kostyum\/","url":"https:\/\/fedefee.ro\/shop\/mazhka-butoniera-aksesoar-kostyum\/","name":"\u041c\u044a\u0436\u043a\u0430 \u0431\u0443\u0442\u043e\u043d\u0438\u0435\u0440\u0430 \u0437\u0430 \u043a\u043e\u0441\u0442\u044e\u043c \u2013 \u0435\u043b\u0435\u0433\u0430\u043d\u0442\u0435\u043d \u0430\u043a\u0441\u0435\u0441\u043e\u0430\u0440 \u0431\u044f\u043b\u043e \u0446\u0432\u0435\u0442\u0435","isPartOf":{"@id":"https:\/\/fedefee.ro\/#website"},"primaryImageOfPage":{"@id":"https:\/\/fedefee.ro\/shop\/mazhka-butoniera-aksesoar-kostyum\/#primaryimage"},"image":{"@id":"https:\/\/fedefee.ro\/shop\/mazhka-butoniera-aksesoar-kostyum\/#primaryimage"},"thumbnailUrl":"https:\/\/fedefee.ro\/wp-content\/uploads\/2026\/02\/dsc_3207-scaled.webp","datePublished":"2026-02-03T22:08:37+00:00","dateModified":"2026-02-23T22:22:33+00:00","description":"\u0415\u043b\u0435\u0433\u0430\u043d\u0442\u043d\u0430 \u043c\u044a\u0436\u043a\u0430 \u0431\u0443\u0442\u043e\u043d\u0438\u0435\u0440\u0430 \u0437\u0430 \u043a\u043e\u0441\u0442\u044e\u043c \u0441 \u0448\u0435\u043b \u043f\u0435\u0440\u043b\u0438 \u0438 \u0431\u044f\u043b\u043e \u0446\u0432\u0435\u0442\u0435. \u0418\u0434\u0435\u0430\u043b\u0435\u043d \u0430\u043a\u0441\u0435\u0441\u043e\u0430\u0440 \u0437\u0430 \u0430\u0431\u0438\u0442\u0443\u0440\u0438\u0435\u043d\u0442, \u0441\u0432\u0430\u0442\u0431\u0430 \u0438\u043b\u0438 \u043e\u0444\u0438\u0446\u0438\u0430\u043b\u0435\u043d \u043f\u043e\u0432\u043e\u0434.","breadcrumb":{"@id":"https:\/\/fedefee.ro\/shop\/mazhka-butoniera-aksesoar-kostyum\/#breadcrumb"},"inLanguage":"ro-RO","potentialAction":[{"@type":"ReadAction","target":["https:\/\/fedefee.ro\/shop\/mazhka-butoniera-aksesoar-kostyum\/"]}]},{"@type":"ImageObject","inLanguage":"ro-RO","@id":"https:\/\/fedefee.ro\/shop\/mazhka-butoniera-aksesoar-kostyum\/#primaryimage","url":"https:\/\/fedefee.ro\/wp-content\/uploads\/2026\/02\/dsc_3207-scaled.webp","contentUrl":"https:\/\/fedefee.ro\/wp-content\/uploads\/2026\/02\/dsc_3207-scaled.webp","width":2240,"height":3360},{"@type":"BreadcrumbList","@id":"https:\/\/fedefee.ro\/shop\/mazhka-butoniera-aksesoar-kostyum\/#breadcrumb","itemListElement":[{"@type":"ListItem","position":1,"name":"\u041d\u0430\u0447\u0430\u043b\u043e","item":"https:\/\/fedefee.ro\/"},{"@type":"ListItem","position":2,"name":"\u041f\u0440\u043e\u0434\u0443\u043a\u0442\u0438","item":"https:\/\/fedefee.ro\/shop\/"},{"@type":"ListItem","position":3,"name":"\u041c\u044a\u0436\u043a\u0430 \u0431\u0443\u0442\u043e\u043d\u0438\u0435\u0440\u0430\/\u0430\u043a\u0441\u0435\u0441\u043e\u0430\u0440 \u0437\u0430 \u043a\u043e\u0441\u0442\u044e\u043c \u0441 \u0431\u044f\u043b\u043e \u0446\u0432\u0435\u0442\u0435 \u0438 \u0448\u0435\u043b \u043f\u0435\u0440\u043b\u0438"}]},{"@type":"WebSite","@id":"https:\/\/fedefee.ro\/#website","url":"https:\/\/fedefee.ro\/","name":"Fedefee.com","description":"Magazin online de bijuterii de lux","potentialAction":[{"@type":"SearchAction","target":{"@type":"EntryPoint","urlTemplate":"https:\/\/fedefee.ro\/?s={search_term_string}"},"query-input":{"@type":"PropertyValueSpecification","valueRequired":true,"valueName":"search_term_string"}}],"inLanguage":"ro-RO"}]}},"_links":{"self":[{"href":"https:\/\/fedefee.ro\/ro\/wp-json\/wp\/v2\/product\/9079","targetHints":{"allow":["GET"]}}],"collection":[{"href":"https:\/\/fedefee.ro\/ro\/wp-json\/wp\/v2\/product"}],"about":[{"href":"https:\/\/fedefee.ro\/ro\/wp-json\/wp\/v2\/types\/product"}],"replies":[{"embeddable":true,"href":"https:\/\/fedefee.ro\/ro\/wp-json\/wp\/v2\/comments?post=9079"}],"version-history":[{"count":6,"href":"https:\/\/fedefee.ro\/ro\/wp-json\/wp\/v2\/product\/9079\/revisions"}],"predecessor-version":[{"id":9165,"href":"https:\/\/fedefee.ro\/ro\/wp-json\/wp\/v2\/product\/9079\/revisions\/9165"}],"wp:featuredmedia":[{"embeddable":true,"href":"https:\/\/fedefee.ro\/ro\/wp-json\/wp\/v2\/media\/9076"}],"wp:attachment":[{"href":"https:\/\/fedefee.ro\/ro\/wp-json\/wp\/v2\/media?parent=9079"}],"wp:term":[{"taxonomy":"product_cat","embeddable":true,"href":"https:\/\/fedefee.ro\/ro\/wp-json\/wp\/v2\/product_cat?post=9079"},{"taxonomy":"product_tag","embeddable":true,"href":"https:\/\/fedefee.ro\/ro\/wp-json\/wp\/v2\/product_tag?post=9079"}],"curies":[{"name":"wp","href":"https:\/\/api.w.org\/{rel}","templated":true}]}}